{"id":3496,"date":"2023-11-19T16:37:24","date_gmt":"2023-11-19T15:37:24","guid":{"rendered":"https:\/\/fzocg.me\/?page_id=3496"},"modified":"2026-02-26T10:46:39","modified_gmt":"2026-02-26T09:46:39","slug":"%d0%bf%d0%be%d0%bc%d0%be%d1%9b%d0%bd%d0%b8%d1%86%d0%b8-%d0%b4%d0%b8%d1%80%d0%b5%d0%ba%d1%82%d0%be%d1%80%d0%b0","status":"publish","type":"page","link":"https:\/\/fzocg.me\/cyr\/%d0%bf%d0%be%d0%bc%d0%be%d1%9b%d0%bd%d0%b8%d1%86%d0%b8-%d0%b4%d0%b8%d1%80%d0%b5%d0%ba%d1%82%d0%be%d1%80%d0%b0\/","title":{"rendered":"\u041f\u043e\u043c\u043e\u045b\u043d\u0438\u0446\u0438 \u0434\u0438\u0440\u0435\u043a\u0442\u043e\u0440\u0430"},"content":{"rendered":"<p data-block-type=\"core\">\u041f\u043e\u043c\u043e\u045b\u043d\u0438\u043a \u0434\u0438\u0440\u0435\u043a\u0442\u043e\u0440\u0430<br>\u0421\u0435\u043a\u0442\u043e\u0440 \u0437\u0430 \u0437\u0434\u0440\u0430\u0432\u0441\u0442\u0432\u0435\u043d\u043e \u043e\u0441\u0438\u0433\u0443\u0440\u0430\u045a\u0435<\/p>\n\n\n\n<p data-block-type=\"core\">\u0412.\u0434. \u043f\u043e\u043c\u043e\u045b\u043d\u0438\u043a\u0430 \u0434\u0438\u0440\u0435\u043a\u0442\u043e\u0440\u0430<br>\u0433. \u0420\u0443\u0436\u0438\u0446\u0430 \u041c\u0438\u043b\u0443\u0442\u0438\u043d\u043e\u0432\u0438\u045b \u0402\u0443\u0440\u0438\u0448\u0438\u045b<br>\u0421\u0435\u043a\u0442\u043e\u0440 \u0437\u0430 \u043f\u043b\u0430\u043d\u0438\u0440\u0430\u045a\u0435 \u0438 \u043a\u043e\u043d\u0442\u0440\u043e\u043b\u0443 \u0441\u043f\u0440\u043e\u0432\u043e\u0452\u0435\u045a\u0430 \u0443\u0433\u043e\u0432\u043e\u0440\u0430 \u0434\u0430\u0432\u0430\u043b\u0430\u0446\u0430 \u0437\u0434\u0440\u0430\u0432\u0441\u0442\u0432\u0435\u043d\u0438\u0445 \u0443\u0441\u043b\u0443\u0433\u0430<br>\u0443\u0441\u043b\u0443\u0433\u0430<\/p>\n\n\n\n<p data-block-type=\"core\">\u0412.\u0434. \u043f\u043e\u043c\u043e\u045b\u043d\u0438\u043a\u0430 \u0434\u0438\u0440\u0435\u043a\u0442\u043e\u0440\u0430<br>\u041c\u0430\u0440\u043a\u043e \u0411\u0430\u0458\u0430\u0433\u0438\u045b<br>\u0421\u0435\u043a\u0442\u043e\u0440 \u0437\u0430 \u0435\u043a\u043e\u043d\u043e\u043c\u0441\u043a\u0435 \u043f\u043e\u0441\u043b\u043e\u0432\u0435 \u0437\u0430 \u0437\u0434\u0440\u0430\u0432\u0441\u0442\u0432\u0435\u043d\u0443 \u0434\u0458\u0435\u043b\u0430\u0442\u043d\u043e\u0441\u0442<\/p>\n\n\n\n<p data-block-type=\"core\">\u041f\u043e\u043c\u043e\u045b\u043d\u0438\u043a \u0434\u0438\u0440\u0435\u043a\u0442\u043e\u0440\u0430<br>\u0421\u0435\u043a\u0442\u043e\u0440 \u0437\u0430 \u0438\u043d\u0444\u043e\u0440\u043c\u0430\u0446\u0438\u043e\u043d\u0435 \u0442\u0435\u0445\u043d\u043e\u043b\u043e\u0433\u0438\u0458\u0435 \u0438 \u0440\u0430\u0437\u043c\u0435\u043d\u0443 \u043f\u043e\u0434\u0430\u0442\u0430\u043a\u0430 \u0438\u043d\u0442\u0435\u0433\u0440\u0430\u043b\u043d\u043e\u0433<br>\u0438\u043d\u0444\u043e\u0440\u043c\u0430\u0446\u0438\u043e\u043d\u043e\u0433 \u0441\u0438\u0441\u0442\u0435\u043c\u0430 \u0437\u0434\u0440\u0430\u0432\u0441\u0442\u0432\u0430<\/p>","protected":false},"excerpt":{"rendered":"<p>Pomo\u0107nik direktoraSektor za zdravstveno osiguranje V.d. pomo\u0107nika direktoramr Ru\u017eica Milutinovi\u0107 \u0110uri\u0161i\u0107Sektor za planiranje i kontrolu sprovo\u0111enja ugovora davaoca zdravstvenihusluga V.d. pomo\u0107nika direktoraMarko Bajagi\u0107Sektor za ekonomske poslove za zdravstvenu djelatnost Pomo\u0107nik direktoraSektor za informacione tehnologije i razmjenu podataka integralnoginformacionog sistema zdravstva<\/p>","protected":false},"author":1,"featured_media":0,"parent":0,"menu_order":0,"comment_status":"closed","ping_status":"closed","template":"","meta":{"footnotes":""},"class_list":["post-3496","page","type-page","status-publish","hentry"],"_links":{"self":[{"href":"https:\/\/fzocg.me\/cyr\/wp-json\/wp\/v2\/pages\/3496","targetHints":{"allow":["GET"]}}],"collection":[{"href":"https:\/\/fzocg.me\/cyr\/wp-json\/wp\/v2\/pages"}],"about":[{"href":"https:\/\/fzocg.me\/cyr\/wp-json\/wp\/v2\/types\/page"}],"author":[{"embeddable":true,"href":"https:\/\/fzocg.me\/cyr\/wp-json\/wp\/v2\/users\/1"}],"replies":[{"embeddable":true,"href":"https:\/\/fzocg.me\/cyr\/wp-json\/wp\/v2\/comments?post=3496"}],"version-history":[{"count":8,"href":"https:\/\/fzocg.me\/cyr\/wp-json\/wp\/v2\/pages\/3496\/revisions"}],"predecessor-version":[{"id":6002,"href":"https:\/\/fzocg.me\/cyr\/wp-json\/wp\/v2\/pages\/3496\/revisions\/6002"}],"wp:attachment":[{"href":"https:\/\/fzocg.me\/cyr\/wp-json\/wp\/v2\/media?parent=3496"}],"curies":[{"name":"\u0432\u043f","href":"https:\/\/api.w.org\/{rel}","templated":true}]}}