{"id":946,"date":"2022-12-28T09:17:11","date_gmt":"2022-12-28T09:17:11","guid":{"rendered":"https:\/\/fzocg.me\/?page_id=946"},"modified":"2026-05-08T15:28:13","modified_gmt":"2026-05-08T13:28:13","slug":"%d0%b4%d0%b8%d1%80%d0%b5%d0%ba%d1%82%d0%be%d1%80","status":"publish","type":"page","link":"https:\/\/fzocg.me\/cyr\/%d0%b4%d0%b8%d1%80%d0%b5%d0%ba%d1%82%d0%be%d1%80\/","title":{"rendered":"\u0414\u0438\u0440\u0435\u043a\u0442\u043e\u0440"},"content":{"rendered":"<h1 class=\"wp-block-heading\" data-block-type=\"core\"><strong><span style=\"color: #0067B5;\" class=\"stk-highlight\"><strong>\u0434\u0438\u0440\u0435\u043a\u0442\u043e\u0440<\/strong><\/span><\/strong><\/h1>\n\n\n\n<h3 class=\"wp-block-heading\" data-block-type=\"core\"><strong>\u0412\u0443\u043a \u041a\u0430\u0434\u0438\u045b<\/strong><br><br><strong><span style=\"color: #0067B5;\" class=\"stk-highlight\">\u0414\u0418\u0420\u0415\u041a\u0422\u041e\u0420 \u0424\u041e\u041d\u0414\u0410 \u0417\u0410 \u0417\u0414\u0420\u0410\u0412\u0421\u0422\u0412\u0415\u041d\u041e \u041e\u0421\u0418\u0413\u0423\u0420\u0410\u040a\u0415 \u0426\u0420\u041d\u0415 \u0413\u041e\u0420\u0415<\/span><\/strong><\/h3>\n\n\n\n<figure class=\"wp-block-image\" data-block-type=\"core\"><img loading=\"lazy\" decoding=\"async\" width=\"768\" height=\"1024\" src=\"https:\/\/web.archive.org\/web\/20250823144818im_\/https:\/\/fzocg.me\/wp-content\/uploads\/2023\/02\/VK-1-768x1024-1.webp\" alt=\"\" class=\"wp-image-1959\" srcset=\"https:\/\/fzocg.me\/wp-content\/uploads\/2023\/02\/VK-1-768x1024-1.webp 768w, https:\/\/fzocg.me\/wp-content\/uploads\/2023\/02\/VK-1-768x1024-1-225x300.webp 225w, https:\/\/fzocg.me\/wp-content\/uploads\/2023\/02\/VK-1-768x1024-1-9x12.webp 9w\" sizes=\"auto, (max-width: 768px) 100vw, 768px\" \/><\/figure>\n\n\n\n<p data-block-type=\"core\">\u0414\u0440 \u0412\u0443\u043a \u041a\u0430\u0434\u0438\u045b \u0440\u043e\u0452\u0435\u043d \u0458\u0435 \u0443 \u041d\u043e\u0432\u043e\u043c \u0421\u0430\u0434\u0443 1983. \u0433\u043e\u0434\u0438\u043d\u0435. \u041e\u0441\u043d\u043e\u0432\u043d\u0443 \u0448\u043a\u043e\u043b\u0443 \u0438 \u0433\u0438\u043c\u043d\u0430\u0437\u0438\u0458\u0443 \u0437\u0430\u0432\u0440\u0448\u0438\u043e \u0458\u0435 \u0443 \u041f\u043e\u0434\u0433\u043e\u0440\u0438\u0446\u0438 \u043a\u0430\u043e \u0434\u043e\u0431\u0438\u0442\u043d\u0438\u043a \u0434\u0438\u043f\u043b\u043e\u043c\u0435 \u201c\u041b\u0443\u0447\u0430\u201d. \u0417\u0430\u0432\u0440\u0448\u0438\u043e \u0458\u0435 \u041c\u0435\u0434\u0438\u0446\u0438\u043d\u0441\u043a\u0438 \u0444\u0430\u043a\u0443\u043b\u0442\u0435\u0442 \u0443 \u041d\u043e\u0432\u043e\u043c \u0421\u0430\u0434\u0443 2008. \u0433\u043e\u0434\u0438\u043d\u0435, \u0441\u0430 \u043f\u0440\u043e\u0441\u0458\u0435\u043a\u043e\u043c 9,70.<\/p>\n\n\n\n<p data-block-type=\"core\">\u0421\u043f\u0435\u0446\u0438\u0458\u0430\u043b\u0438\u0441\u0442\u0438\u0447\u043a\u0435 \u0441\u0442\u0443\u0434\u0438\u0458\u0435 \u0438\u0437 \u0440\u0430\u0434\u0438\u043e\u043b\u043e\u0433\u0438\u0458\u0435 \u043d\u0430 \u041c\u0435\u0434\u0438\u0446\u0438\u043d\u0441\u043a\u043e\u043c \u0444\u0430\u043a\u0443\u043b\u0442\u0435\u0442\u0443 \u0443 \u041d\u043e\u0432\u043e\u043c \u0421\u0430\u0434\u0443 \u0437\u0430\u0432\u0440\u0448\u0438\u043b\u0435 \u0441\u0443 2015. \u0433\u043e\u0434\u0438\u043d\u0435. \u0422\u0440\u0435\u043d\u0443\u0442\u043d\u043e \u0458\u0435 \u0434\u043e\u043a\u0442\u043e\u0440\u0430\u043d\u0434 \u043d\u0430 \u0438\u0441\u0442\u043e\u043c \u0444\u0430\u043a\u0443\u043b\u0442\u0435\u0442\u0443.<\/p>\n\n\n\n<p data-block-type=\"core\">\u0420\u0430\u0434\u0438\u043e \u0458\u0435 \u0443 \u041a\u043b\u0438\u043d\u0438\u0447\u043a\u043e\u043c \u0446\u0435\u043d\u0442\u0440\u0443 \u0412\u043e\u0458\u0432\u043e\u0434\u0438\u043d\u0435 \u043e\u0434 2008. \u0434\u043e 2017. \u0433\u043e\u0434\u0438\u043d\u0435. \u0423 \u043f\u0435\u0440\u0438\u043e\u0434\u0443 \u043e\u0434 \u0458\u0443\u043d\u0430 2016. \u0434\u043e \u0458\u0430\u043d\u0443\u0430\u0440\u0430 2017. \u0433\u043e\u0434\u0438\u043d\u0435 \u0431\u0438\u043e \u0458\u0435 \u0432\u0434 \u0443\u043f\u0440\u0430\u0432\u043d\u0438\u043a\u0430 \u0423\u0440\u0433\u0435\u043d\u0442\u043d\u0435 \u0440\u0430\u0434\u0438\u043e\u043b\u043e\u0433\u0438\u0458\u0435 \u0443 \u043e\u0432\u043e\u0458 \u0437\u0434\u0440\u0430\u0432\u0441\u0442\u0432\u0435\u043d\u043e\u0458 \u0443\u0441\u0442\u0430\u043d\u043e\u0432\u0438.<\/p>\n\n\n\n<p data-block-type=\"core\">\u0423 \u0444\u0435\u0431\u0440\u0443\u0430\u0440\u0443 2017. \u0433\u043e\u0434\u0438\u043d\u0435 \u0432\u0440\u0430\u0442\u0438\u043e \u0441\u0435 \u0443 \u0426\u0440\u043d\u0443 \u0413\u043e\u0440\u0443 \u0438 \u0440\u0430\u0434\u0438\u043e \u0443 \u043f\u0440\u0438\u0432\u0430\u0442\u043d\u043e\u043c \u0441\u0435\u043a\u0442\u043e\u0440\u0443. \u0411\u0438\u043e \u0458\u0435 \u0443\u0447\u0435\u0441\u043d\u0438\u043a \u0431\u0440\u043e\u0458\u043d\u0438\u0445 \u043a\u043e\u043d\u0433\u0440\u0435\u0441\u0430 \u0443 \u0438\u043d\u043e\u0441\u0442\u0440\u0430\u043d\u0441\u0442\u0432\u0443 \u0438 \u0430\u0443\u0442\u043e\u0440 \u0458\u0435 \u0432\u0438\u0448\u0435 \u0434\u0435\u0441\u0435\u0442\u0438\u043d\u0430 \u0440\u0430\u0434\u043e\u0432\u0430 \u0438\u0437 \u043e\u0431\u043b\u0430\u0441\u0442\u0438 \u043c\u0435\u0434\u0438\u0446\u0438\u043d\u0435 \u0438 \u0440\u0430\u0434\u0438\u043e\u043b\u043e\u0433\u0438\u0458\u0435.<\/p>\n\n\n\n<p data-block-type=\"core\">\u0414\u0440 \u0412\u0443\u043a \u041a\u0430\u0434\u0438\u045b \u0458\u0435 \u043e\u0434 15.06.2022. \u0433\u043e\u0434\u0438\u043d\u0435 \u0431\u0438\u043e \u043d\u0430 \u043f\u043e\u0437\u0438\u0446\u0438\u0458\u0438 \u0432\u0440\u0448\u0438\u043e\u0446\u0430 \u0434\u0443\u0436\u043d\u043e\u0441\u0442\u0438 \u0434\u0438\u0440\u0435\u043a\u0442\u043e\u0440\u0430 \u0424\u043e\u043d\u0434\u0430 \u0437\u0430 \u0437\u0434\u0440\u0430\u0432\u0441\u0442\u0432\u0435\u043d\u043e \u043e\u0441\u0438\u0433\u0443\u0440\u0430\u045a\u0435 \u0426\u0440\u043d\u0435 \u0413\u043e\u0440\u0435. \u0423\u043f\u0440\u0430\u0432\u043d\u0438 \u043e\u0434\u0431\u043e\u0440 \u0424\u043e\u043d\u0434\u0430 \u0437\u0430 \u0437\u0434\u0440\u0430\u0432\u0441\u0442\u0432\u0435\u043d\u043e \u043e\u0441\u0438\u0433\u0443\u0440\u0430\u045a\u0435 \u043d\u0430 \u0441\u0458\u0435\u0434\u043d\u0438\u0446\u0438 09.02.2023. \u0433\u043e\u0434\u0438\u043d\u0435 \u0434\u043e\u043d\u0435\u043e \u0458\u0435 \u041e\u0434\u043b\u0443\u043a\u0443 \u043e \u0438\u043c\u0435\u043d\u043e\u0432\u0430\u045a\u0443 \u0434\u043e\u043a\u0442\u043e\u0440\u0430 \u041a\u0430\u0434\u0438\u045b\u0430 \u0437\u0430 \u0434\u0438\u0440\u0435\u043a\u0442\u043e\u0440\u0430 \u0424\u043e\u043d\u0434\u0430 \u0437\u0430 \u0437\u0434\u0440\u0430\u0432\u0441\u0442\u0432\u0435\u043d\u043e \u043e\u0441\u0438\u0433\u0443\u0440\u0430\u045a\u0435, \u043f\u043e\u0447\u0435\u0442\u0430\u043a 9. \u0444\u0435\u0431\u0440\u0443\u0430\u0440\u0430 2023. \u0433\u043e\u0434\u0438\u043d\u0435, \u0443 \u043f\u0435\u0440\u0438\u043e\u0434\u0443 \u043e\u0434 \u043f\u0435\u0442 \u0433\u043e\u0434\u0438\u043d\u0430.<\/p>","protected":false},"excerpt":{"rendered":"<p>direktor Vuk Kadi\u0107 DIREKTOR FONDA ZA ZDRAVSTVENO OSIGURANJE CRNE GORE Dr Vuk Kadi\u0107 ro\u0111en je u Novom Sadu 1983. godine. Osnovnu \u0161kolu i gimnaziju zavr\u0161io je u Podgorici kao dobitnik diplome \u201cLu\u010da\u201d. Zavr\u0161io je Medicinski fakultet u Novom Sadu 2008. godine, sa prosjekom 9,70. Specijalisti\u010dke studije iz radiologije na Medicinskom fakultetu u Novom Sadu zavr\u0161io [&hellip;]<\/p>","protected":false},"author":1,"featured_media":0,"parent":0,"menu_order":0,"comment_status":"closed","ping_status":"closed","template":"","meta":{"footnotes":""},"class_list":["post-946","page","type-page","status-publish","hentry"],"_links":{"self":[{"href":"https:\/\/fzocg.me\/cyr\/wp-json\/wp\/v2\/pages\/946","targetHints":{"allow":["GET"]}}],"collection":[{"href":"https:\/\/fzocg.me\/cyr\/wp-json\/wp\/v2\/pages"}],"about":[{"href":"https:\/\/fzocg.me\/cyr\/wp-json\/wp\/v2\/types\/page"}],"author":[{"embeddable":true,"href":"https:\/\/fzocg.me\/cyr\/wp-json\/wp\/v2\/users\/1"}],"replies":[{"embeddable":true,"href":"https:\/\/fzocg.me\/cyr\/wp-json\/wp\/v2\/comments?post=946"}],"version-history":[{"count":21,"href":"https:\/\/fzocg.me\/cyr\/wp-json\/wp\/v2\/pages\/946\/revisions"}],"predecessor-version":[{"id":6020,"href":"https:\/\/fzocg.me\/cyr\/wp-json\/wp\/v2\/pages\/946\/revisions\/6020"}],"wp:attachment":[{"href":"https:\/\/fzocg.me\/cyr\/wp-json\/wp\/v2\/media?parent=946"}],"curies":[{"name":"\u0432\u043f","href":"https:\/\/api.w.org\/{rel}","templated":true}]}}